{"id":19,"date":"2019-02-21T11:11:03","date_gmt":"2019-02-21T10:11:03","guid":{"rendered":"https:\/\/www.lamaisonbleue-de-marie.fr\/?page_id=19"},"modified":"2024-04-16T17:39:18","modified_gmt":"2024-04-16T15:39:18","slug":"a-decouvrir-gite-allier","status":"publish","type":"page","link":"https:\/\/www.lamaisonbleue-de-marie.fr\/index.php\/a-decouvrir-gite-allier\/","title":{"rendered":"A d\u00e9couvrir"},"content":{"rendered":"<p>[smartslider3 slider=4]<\/p>\n\n\n\n<hr class=\"wp-block-separator has-css-opacity\"\/>\n\n\n\n<p class=\"has-text-align-center\" style=\"font-size:22px\"><strong> A d\u00e9couvrir dans la r\u00e9gion, quelques id\u00e9es \u2026..<\/strong><br><\/p>\n\n\n\n<p><\/p>\n\n\n\n<p style=\"font-size:28px\">A d\u00e9couvrir environs de Montlu\u00e7on<\/p>\n\n\n\n<p style=\"font-size:18px\"><strong>Montlu\u00e7on<\/strong>, cit\u00e9 m\u00e9di\u00e9vale riche d&rsquo;un patrimoine historique \u00e0 d\u00e9couvrir, est domin\u00e9e par le Ch\u00e2teau des Ducs de Bourbon <\/p>\n\n\n\n<p style=\"font-size:18px\"><strong>H\u00e9risson, <\/strong>construit au pied de la forteresse des Bourbons est un village m\u00e9di\u00e9val situ\u00e9 en bordure de la for\u00eat de Tron\u00e7ais, dans une boucle de l&rsquo;Aumance. <\/p>\n\n\n\n<p style=\"font-size:18px\"><strong>La for\u00eat de Tron\u00e7ais<\/strong>, la plus belle ch\u00eanaie d&rsquo;Europe s&rsquo;\u00e9tend sur pr\u00e8s de 10 600 ha et abrite des ch\u00eanes v\u00e9n\u00e9rables plusieurs fois centenaires&nbsp; <a aria-label=\"https:\/\/www.paysdetroncais.fr\/ (s\u2019ouvre dans un nouvel onglet)\" href=\"https:\/\/www.paysdetroncais.fr\/\" target=\"_blank\" rel=\"noreferrer noopener\">https:\/\/www.paysdetroncais.fr\/<\/a><\/p>\n\n\n\n<p style=\"font-size:18px\"><strong>N\u00e9ris les Bains<\/strong> poss\u00e8de un patrimoine antique (vestiges gallo-romains, ar\u00e8nes, n\u00e9cropole) et un patrimoine thermal (casino, th\u00e9\u00e2tre, ancienne gare&#8230;). <em><a aria-label=\" (s\u2019ouvre dans un nouvel onglet)\" href=\"http:\/\/www.ot-neris-les-bains.fr\/\" target=\"_blank\" rel=\"noreferrer noopener\">www.ot-neris-les-bains.fr<\/a><\/em><\/p>\n\n\n\n<p style=\"font-size:28px\">A d\u00e9couvrir environs de Moulins<\/p>\n\n\n\n<p style=\"font-size:18px\"><strong>Moulins, <\/strong>Pr\u00e9fecture du d\u00e9partement de l&rsquo;Allier est aussi la capitale du Bourbonnais, ancien duch\u00e9 de la famille des Bourbons, aujourd&rsquo;hui class\u00e9e ville d&rsquo;art et d&rsquo;histoire depuis 1997. <em><a href=\"http:\/\/www.moulins-tourisme.com\/\">www.moulins-tourisme.com<\/a><\/em> \u00ab\u00a0<\/p>\n\n\n\n<p style=\"font-size:18px\"><strong>Bourbon l&rsquo;Archambault<\/strong>, station thermale r\u00e9put\u00e9e, porte l&#8217;empreinte de la seigneurie des Bourbons dont elle fut la capitale.&nbsp; <\/p>\n\n\n\n<p style=\"font-size:18px\"><strong>Souvigny<\/strong> : grand site clunisien qui poss\u00e8de un ensemble prieural exceptionnel et o\u00f9 se d\u00e9roule chaque \u00e9t\u00e9 une grande f\u00eate m\u00e9di\u00e9vale. <em><a aria-label=\" (s\u2019ouvre dans un nouvel onglet)\" href=\"http:\/\/www.souvigny.com\/\" target=\"_blank\" rel=\"noreferrer noopener\">www.souvigny.com <\/a><\/em><\/p>\n\n\n\n<p style=\"font-size:18px\"><strong>Noyant d&rsquo;Allier, <\/strong>commune atypique avec sa pagode boudhiste et un riche patrimoine asiatique,&nbsp; a mis en valeur l&rsquo;histoire des mines de Noyant gr\u00e2ce au mus\u00e9e de la mine. <em><a href=\"http:\/\/www.noyantdallier.fr\/\">www.noyantdallier.fr<\/a><\/em><\/p>\n\n\n\n<p style=\"font-size:28px\">A d\u00e9couvrir environs de Vichy<\/p>\n\n\n\n<p style=\"font-size:18px\"><strong>Vichy, <\/strong>fr\u00e9quent\u00e9e par Napol\u00e9on III et sa cour poss\u00e8de un patrimoine architectural exceptionnel.&nbsp; Capitale du bien-\u00eatre et de la remise en forme, Vichy est une ville thermale qui poss\u00e8de des infrastructures parmi les plus modernes d&rsquo;Europe. <em><a href=\"http:\/\/www.ville-vichy.com\/\">www.ville-vichy.com<\/a><\/em><\/p>\n\n\n\n<p><\/p>\n\n\n\n<p style=\"font-size:18px\"><strong>Le vignoble de Saint-Pour\u00e7ain<\/strong> implant\u00e9 par les gallo-romains \u00e9tait tr\u00e8s appr\u00e9ci\u00e9 des rois de France. Le Saint-Pour\u00e7ain b\u00e9n\u00e9ficie d&rsquo;une appellation AOC depuis mai 2009. <em><a href=\"http:\/\/www.vignerons-saintpourcain.com\/\">www.vignerons-saintpourcain.com<\/a><\/em><\/p>\n\n\n\n<p style=\"font-size:18px\"><strong>Les gorges de Chouvigny<\/strong>, situ\u00e9es dans les Combrailles au coeur des <strong><em>gorges de la Sioule,<\/em><\/strong> entre Menat et Ebreuil, offrent une succession de beaux paysages, sauvages et verdoyants, ponctu\u00e9s de hautes falaises.&nbsp; <\/p>\n\n\n\n<p style=\"font-size:18px\"><strong>Charroux<\/strong> class\u00e9 parmi les \u00ab\u00a0plus beaux villages de France\u00a0\u00bb est le seul \u00e0 poss\u00e9der ce label dans l&rsquo;Allier.&nbsp;&nbsp; <em><a href=\"http:\/\/www.charroux03.fr\/\">www.charroux03.fr<\/a><\/em><\/p>\n\n\n\n<h4 class=\"wp-block-heading\"><strong>MonBourbonnais.com, le site pour d\u00e9couvrir le Bourbonnais\u2026<\/strong><\/h4>\n\n\n\n<p><a aria-label=\"http:\/\/monbourbonnais.com\/  (s\u2019ouvre dans un nouvel onglet)\" href=\"http:\/\/monbourbonnais.com\/\" target=\"_blank\" rel=\"noreferrer noopener\">http:\/\/monbourbonnais.com\/<\/a><\/p>\n","protected":false},"excerpt":{"rendered":"<div class=\"slide-text-bg2\"><span>A d\u00e9couvrir dans la r\u00e9gion, quelques id\u00e9es \u2026.. A d\u00e9couvrir environs de Montlu\u00e7on Montlu\u00e7on, cit\u00e9 m\u00e9di\u00e9vale riche d&rsquo;un patrimoine historiqu<\/span><\/div>\n<div class=\"slide-btn-area-sm\"><a href=\"https:\/\/www.lamaisonbleue-de-marie.fr\/index.php\/a-decouvrir-gite-allier\/\" class=\"slide-btn-sm\">Lire la suite<\/a><\/div>\n","protected":false},"author":1,"featured_media":0,"parent":0,"menu_order":0,"comment_status":"closed","ping_status":"closed","template":"","meta":{"footnotes":""},"_links":{"self":[{"href":"https:\/\/www.lamaisonbleue-de-marie.fr\/index.php\/wp-json\/wp\/v2\/pages\/19"}],"collection":[{"href":"https:\/\/www.lamaisonbleue-de-marie.fr\/index.php\/wp-json\/wp\/v2\/pages"}],"about":[{"href":"https:\/\/www.lamaisonbleue-de-marie.fr\/index.php\/wp-json\/wp\/v2\/types\/page"}],"author":[{"embeddable":true,"href":"https:\/\/www.lamaisonbleue-de-marie.fr\/index.php\/wp-json\/wp\/v2\/users\/1"}],"replies":[{"embeddable":true,"href":"https:\/\/www.lamaisonbleue-de-marie.fr\/index.php\/wp-json\/wp\/v2\/comments?post=19"}],"version-history":[{"count":36,"href":"https:\/\/www.lamaisonbleue-de-marie.fr\/index.php\/wp-json\/wp\/v2\/pages\/19\/revisions"}],"predecessor-version":[{"id":341,"href":"https:\/\/www.lamaisonbleue-de-marie.fr\/index.php\/wp-json\/wp\/v2\/pages\/19\/revisions\/341"}],"wp:attachment":[{"href":"https:\/\/www.lamaisonbleue-de-marie.fr\/index.php\/wp-json\/wp\/v2\/media?parent=19"}],"curies":[{"name":"wp","href":"https:\/\/api.w.org\/{rel}","templated":true}]}}